{"id":121,"date":"2024-06-07T00:05:52","date_gmt":"2024-06-06T22:05:52","guid":{"rendered":"https:\/\/albertopachecoonline.com\/?page_id=121"},"modified":"2024-06-07T07:05:56","modified_gmt":"2024-06-07T05:05:56","slug":"contacto","status":"publish","type":"page","link":"https:\/\/albertopachecoonline.com\/en\/contacto\/","title":{"rendered":"Contact"},"content":{"rendered":"<style>\/*! elementor - v3.21.0 - 26-05-2024 *\/\n.elementor-widget-google_maps .elementor-widget-container{overflow:hidden}.elementor-widget-google_maps .elementor-custom-embed{line-height:0}.elementor-widget-google_maps iframe{height:300px}<\/style>\n<p>\t\t\t<iframe loading=\"lazy\"\n\t\t\t\t\tsrc=\"https:\/\/maps.google.com\/maps?q=C.%20Vald%C3%A9s%2C%20123%2C%2003001%2C%20Alicante%2C%20Espa%C3%B1a&#038;t=m&#038;z=10&#038;output=embed&#038;iwloc=near\"\n\t\t\t\t\ttitle=\"C. Vald\u00e9s, 123, 03001, Alicante, Spain\"\n\t\t\t\t\taria-label=\"C. Vald\u00e9s, 123, 03001, Alicante, Spain\"\n\t\t\t><\/iframe><\/p>\n<style>\/*! elementor - v3.21.0 - 26-05-2024 *\/\n.elementor-heading-title{padding:0;margin:0;line-height:1}.elementor-widget-heading .elementor-heading-title[class*=elementor-size-]>a{color:inherit;font-size:inherit;line-height:inherit}.elementor-widget-heading .elementor-heading-title.elementor-size-small{font-size:15px}.elementor-widget-heading .elementor-heading-title.elementor-size-medium{font-size:19px}.elementor-widget-heading .elementor-heading-title.elementor-size-large{font-size:29px}.elementor-widget-heading .elementor-heading-title.elementor-size-xl{font-size:39px}.elementor-widget-heading .elementor-heading-title.elementor-size-xxl{font-size:59px}<\/style>\n<h2>Hablemos!<\/h2>\n<p>Estamos aqu\u00ed para ayudarte en tu camino hacia un estilo de vida m\u00e1s saludable y activo. Ya sea que tengas preguntas, necesites m\u00e1s informaci\u00f3n o est\u00e9s listo para empezar, no dudes en contactarnos. \u00a1Esperamos saber de ti pronto!<\/p>\n<style>\/*! elementor - v3.21.0 - 26-05-2024 *\/\n.elementor-widget-image{text-align:center}.elementor-widget-image a{display:inline-block}.elementor-widget-image a img[src$=\".svg\"]{width:48px}.elementor-widget-image img{vertical-align:middle;display:inline-block}<\/style>\n<p>\t\t\t\t\t\t\t\t\t\t<img decoding=\"async\" width=\"70\" height=\"71\" src=\"https:\/\/albertopachecoonline.com\/wp-content\/uploads\/2024\/06\/Group-1000002712-2.png\" alt=\"\" \/>\n\t\t\t<link rel=\"stylesheet\" href=\"https:\/\/albertopachecoonline.com\/wp-content\/plugins\/elementor\/assets\/css\/widget-icon-list.min.css\">\n<ul>\n<li>\n\t\t\t\t\t\t\t\t\t\tC. Vald\u00e9s, 123, 03001, Alicante, Spain\n\t\t\t\t\t\t\t\t\t<\/li>\n<\/ul>\n<p>\t\t\t\t\t\t\t\t\t\t\t\t\t<img decoding=\"async\" width=\"70\" height=\"71\" src=\"https:\/\/albertopachecoonline.com\/wp-content\/uploads\/2024\/06\/Group-1000002711-2.png\" alt=\"\" \/>\t\t\t\t\t\t\t\t\t\t\t\t\t<\/p>\n<ul>\n<li>\n\t\t\t\t\t\t\t\t\t\thola@albertopachecoonline.com\n\t\t\t\t\t\t\t\t\t<\/li>\n<\/ul>\n<p>\t\t\t\t\t\t\t\t\t\t\t\t\t<img decoding=\"async\" width=\"70\" height=\"71\" src=\"https:\/\/albertopachecoonline.com\/wp-content\/uploads\/2024\/06\/Group-1000002710-1.png\" alt=\"\" \/>\t\t\t\t\t\t\t\t\t\t\t\t\t<\/p>\n<ul>\n<li>\n\t\t\t\t\t\t\t\t\t\t966 27 19 83\n\t\t\t\t\t\t\t\t\t<\/li>\n<\/ul>\n<p>\t\t\t\t\t\t\t\t\t\t\t\t\t<img loading=\"lazy\" decoding=\"async\" width=\"70\" height=\"71\" src=\"https:\/\/albertopachecoonline.com\/wp-content\/uploads\/2024\/06\/Group-1000002709-1.png\" alt=\"\" \/>\t\t\t\t\t\t\t\t\t\t\t\t\t<\/p>\n<ul>\n<li>\n\t\t\t\t\t\t\t\t\t\tLun &#8211; Vie: 8AM &#8211; 11PM <br \/>Sab: 9AM &#8211; 8PM\n\t\t\t\t\t\t\t\t\t<\/li>\n<\/ul>","protected":false},"excerpt":{"rendered":"<p>Hablemos! Estamos aqu\u00ed para ayudarte en tu camino hacia un estilo de vida m\u00e1s saludable y activo. Ya sea que tengas preguntas, necesites m\u00e1s informaci\u00f3n o est\u00e9s listo para empezar, no dudes en contactarnos. \u00a1Esperamos saber de ti pronto! C. Vald\u00e9s, 123, 03001, Alicante, Espa\u00f1a hola@albertopachecoonline.com 966 27 19 83 Lun &#8211; Vie: 8AM &#8211; [&hellip;]<\/p>","protected":false},"author":2,"featured_media":0,"parent":0,"menu_order":0,"comment_status":"closed","ping_status":"closed","template":"","meta":{"footnotes":""},"class_list":["post-121","page","type-page","status-publish","hentry"],"_links":{"self":[{"href":"https:\/\/albertopachecoonline.com\/en\/wp-json\/wp\/v2\/pages\/121","targetHints":{"allow":["GET"]}}],"collection":[{"href":"https:\/\/albertopachecoonline.com\/en\/wp-json\/wp\/v2\/pages"}],"about":[{"href":"https:\/\/albertopachecoonline.com\/en\/wp-json\/wp\/v2\/types\/page"}],"author":[{"embeddable":true,"href":"https:\/\/albertopachecoonline.com\/en\/wp-json\/wp\/v2\/users\/2"}],"replies":[{"embeddable":true,"href":"https:\/\/albertopachecoonline.com\/en\/wp-json\/wp\/v2\/comments?post=121"}],"version-history":[{"count":13,"href":"https:\/\/albertopachecoonline.com\/en\/wp-json\/wp\/v2\/pages\/121\/revisions"}],"predecessor-version":[{"id":314,"href":"https:\/\/albertopachecoonline.com\/en\/wp-json\/wp\/v2\/pages\/121\/revisions\/314"}],"wp:attachment":[{"href":"https:\/\/albertopachecoonline.com\/en\/wp-json\/wp\/v2\/media?parent=121"}],"curies":[{"name":"wp","href":"https:\/\/api.w.org\/{rel}","templated":true}]}}